{"id":405,"date":"2018-07-04T21:16:15","date_gmt":"2018-07-04T21:16:15","guid":{"rendered":"http:\/\/alexandra-pohlmeier.de\/?page_id=405"},"modified":"2018-07-09T17:46:18","modified_gmt":"2018-07-09T17:46:18","slug":"datenschutz","status":"publish","type":"page","link":"https:\/\/alexandra-pohlmeier.de\/index.php\/impressum\/datenschutz\/","title":{"rendered":"Datenschutz"},"content":{"rendered":"<p><strong>Zum Datenschutz<\/strong><\/p>\n<p><strong>1. Name und Anschrift des Verantwortlichen<\/strong><\/p>\n<p>Die Verantwortliche im Sinne der Datenschutz-Grundverordnung und anderer nationaler Datenschutzgesetze der Mitgliedstaaten sowie sonstiger datenschutzrechtlicher Bestimmungen ist:<\/p>\n<p>Alexandra Pohlmeier<br \/>\nBleibtreustr.10<br \/>\n10623 Berlin<br \/>\n01578\/488 29 69<br \/>\npohlmeier@alexandra-pohlmeier.de<\/p>\n<p><strong>2. Bereitstellung der Website und Erstellung von Logfiles<\/strong><\/p>\n<p>Beschreibung und Umfang der Datenverarbeitung<br \/>\nBei jedem Aufruf meiner Internetseite erfasst das System automatisiert Daten und Informationen vom Computersystem des aufrufenden Rechners. Folgende Daten werden hierbei erhoben:<br \/>\n&#8211; die IP-Adresse des Nutzers<br \/>\n&#8211; Datum und Uhrzeit des Zugriffs<\/p>\n<p>Die Daten werden ebenfalls in den Logfiles unseres Systems gespeichert. Eine Speicherung der Daten zusammen mit anderen personenbezogenen Daten des Nutzers findet nicht statt.<\/p>\n<p><strong>Rechtsgrundlage f\u00fcr die Datenverarbeitung<\/strong><br \/>\nRechtsgrundlage f\u00fcr die vor\u00fcbergehende Speicherung der Daten und Logfiles ist<br \/>\nArt.6 Abs.1 lit. f DSGVO.<\/p>\n<p><strong>Zweck der Datenverarbeitung<\/strong><br \/>\nDie vor\u00fcbergehende Speicherung der IP-Adresse durch das System ist notwendig, um eine Auslieferung der Website an den Rechner des Nutzers zu erm\u00f6glichen. Hierf\u00fcr muss die IP-Adresse des Nutzers f\u00fcr die Dauer der Sitzung gespeichert bleiben. Die Speicherung in Logfiles erfolgt, um die Funktionsf\u00e4higkeit der Website sicherzustellen. Zudem dienen uns die Daten zur Optimierung der Website und zur Sicherstellung der Sicherheit unserer informationstechnischen Systeme. Eine Auswertung der Daten zu Marketingzwecken findet in diesem Zusammenhang nicht statt.<\/p>\n<p><strong>Dauer der Speicherung<\/strong><br \/>\nDie Daten werden gel\u00f6scht, sobald sie f\u00fcr die Erreichung des Zweckes ihrer Erhebung nicht mehr erforderlich sind. Im Fall der Erfassung der Daten zur Bereitstellung der Website ist dies der Fall, wenn die jeweilige Sitzung beendet ist. Im Fall der Speicherung der Daten in Logfiles ist dies nach sp\u00e4testens sieben Tagen der Fall. Eine dar\u00fcberhinaus gehende Speicherung ist m\u00f6glich. In diesem Fall werden die IP-Adresse der Nutzer gel\u00f6scht oder verfremdet, sodass eine Zuordnung des aufrufenden Clients nicht mehr m\u00f6glich ist.<\/p>\n<p><strong>Widerspruchs- uns Beseitigungsm\u00f6glichkeit<\/strong><br \/>\nDie Erfassung der Daten zur Bereitstellung der Website und die Speicherung der Daten in Logfiles ist f\u00fcr den Betrieb der Internetseite zwingend erforderlich Es besteht folglich seitens des Nutzers keine Widerspruchsm\u00f6glichkeit.<\/p>\n<p><strong>3. E-Mail Kontakt<\/strong><br \/>\nWenn Sie mir eine e-mail schreiben, werde ich diese mit den von Ihnen darin enthaltenden Daten solange in meinem mail-Ordner aufbewahren, bis Ihre Anfrage erledigt ist. Ihre Daten werden nicht an Dritte weitergegeben.<\/p>\n","protected":false},"excerpt":{"rendered":"<p>Zum Datenschutz 1. Name und Anschrift des Verantwortlichen Die Verantwortliche im Sinne der Datenschutz-Grundverordnung und anderer nationaler Datenschutzgesetze der Mitgliedstaaten sowie sonstiger datenschutzrechtlicher Bestimmungen ist: Alexandra Pohlmeier Bleibtreustr.10 10623 Berlin 01578\/488 29 69 pohlmeier@alexandra-pohlmeier.de 2. Bereitstellung der Website und Erstellung von Logfiles Beschreibung und Umfang\u2026 <a href=\"https:\/\/alexandra-pohlmeier.de\/index.php\/impressum\/datenschutz\/\">Weiterlesen<\/a><\/p>\n","protected":false},"author":2,"featured_media":0,"parent":116,"menu_order":0,"comment_status":"closed","ping_status":"closed","template":"","meta":[],"acf":[],"jetpack_shortlink":"https:\/\/wp.me\/P9e6nb-6x","_links":{"self":[{"href":"https:\/\/alexandra-pohlmeier.de\/index.php\/wp-json\/wp\/v2\/pages\/405"}],"collection":[{"href":"https:\/\/alexandra-pohlmeier.de\/index.php\/wp-json\/wp\/v2\/pages"}],"about":[{"href":"https:\/\/alexandra-pohlmeier.de\/index.php\/wp-json\/wp\/v2\/types\/page"}],"author":[{"embeddable":true,"href":"https:\/\/alexandra-pohlmeier.de\/index.php\/wp-json\/wp\/v2\/users\/2"}],"replies":[{"embeddable":true,"href":"https:\/\/alexandra-pohlmeier.de\/index.php\/wp-json\/wp\/v2\/comments?post=405"}],"version-history":[{"count":2,"href":"https:\/\/alexandra-pohlmeier.de\/index.php\/wp-json\/wp\/v2\/pages\/405\/revisions"}],"predecessor-version":[{"id":411,"href":"https:\/\/alexandra-pohlmeier.de\/index.php\/wp-json\/wp\/v2\/pages\/405\/revisions\/411"}],"up":[{"embeddable":true,"href":"https:\/\/alexandra-pohlmeier.de\/index.php\/wp-json\/wp\/v2\/pages\/116"}],"wp:attachment":[{"href":"https:\/\/alexandra-pohlmeier.de\/index.php\/wp-json\/wp\/v2\/media?parent=405"}],"curies":[{"name":"wp","href":"https:\/\/api.w.org\/{rel}","templated":true}]}}