{"id":16,"date":"2017-08-15T15:31:02","date_gmt":"2017-08-15T15:31:02","guid":{"rendered":"http:\/\/alexandra-pohlmeier.de\/?page_id=16"},"modified":"2019-10-13T19:05:23","modified_gmt":"2019-10-13T19:05:23","slug":"vita","status":"publish","type":"page","link":"https:\/\/alexandra-pohlmeier.de\/index.php\/vita\/","title":{"rendered":"Vita"},"content":{"rendered":"<div class=\"page\" title=\"Page 1\">\n<div class=\"section\">\n<div class=\"layoutArea\">\n<div class=\"column\">\n<p>Aufgewachsen in M\u00fcnchen und G\u00f6ttingen bin ich nach dem Abitur 1979 nach West-Berlin gezogen. Nach einem Grundstudium der Publizistik, Nordamerikanistik und Theaterwissenschaft an der FU Berlin habe ich 1986 die M\u00fcnchner Filmhochschule mit einem 60min\u00fctigen Dokumentarfilm (<em>Dazwischen<\/em>) \u00fcber meine Eltern abgeschlossen. Seither arbeite ich selbstst\u00e4ndig als Autorin, Regisseurin und Produzentin haupts\u00e4chlich f\u00fcr dokumentarische Filme; 1986-1998 als Gesch\u00e4ftsf\u00fchrerin von stromboli-film, die ich seither als Alexandra Pohlmeier Filmproduktion weiterf\u00fchre.<\/p>\n<p>Meinen thematischen Schwerpunkt in der dokumentarischen Filmarbeit bilden Lebensl\u00e4ufe und lebensgeschichtliche Interviews. Die Begegnung mit Dorothea Buck im Jahr 2000 pr\u00e4gt bis heute meinen beruflichen Werdegang. Seit 2005 halte ich Vortr\u00e4ge und gebe Seminare an Hochschulen, Fachhochschulen und Kliniken.<\/p>\n<p>Neben diesen Arbeiten widme ich mich seit \u00fcber 40 Jahren mit den Mitteln der Fotografie und der Malerei meinen eigenen Bilderwelten. Gelegentlich flie\u00dft das in einen experimentellen Film oder die dokumentarische Filmarbeit ein.<\/p>\n<\/div>\n<\/div>\n<\/div>\n<\/div>\n","protected":false},"excerpt":{"rendered":"<p>Aufgewachsen in M\u00fcnchen und G\u00f6ttingen bin ich nach dem Abitur 1979 nach West-Berlin gezogen. Nach einem Grundstudium der Publizistik, Nordamerikanistik und Theaterwissenschaft an der FU Berlin habe ich 1986 die M\u00fcnchner Filmhochschule mit einem 60min\u00fctigen Dokumentarfilm (Dazwischen) \u00fcber meine Eltern abgeschlossen. Seither arbeite ich selbstst\u00e4ndig\u2026 <a href=\"https:\/\/alexandra-pohlmeier.de\/index.php\/vita\/\">Weiterlesen<\/a><\/p>\n","protected":false},"author":1,"featured_media":0,"parent":0,"menu_order":0,"comment_status":"closed","ping_status":"closed","template":"page-portfolio.php","meta":[],"acf":[],"jetpack_shortlink":"https:\/\/wp.me\/P9e6nb-g","_links":{"self":[{"href":"https:\/\/alexandra-pohlmeier.de\/index.php\/wp-json\/wp\/v2\/pages\/16"}],"collection":[{"href":"https:\/\/alexandra-pohlmeier.de\/index.php\/wp-json\/wp\/v2\/pages"}],"about":[{"href":"https:\/\/alexandra-pohlmeier.de\/index.php\/wp-json\/wp\/v2\/types\/page"}],"author":[{"embeddable":true,"href":"https:\/\/alexandra-pohlmeier.de\/index.php\/wp-json\/wp\/v2\/users\/1"}],"replies":[{"embeddable":true,"href":"https:\/\/alexandra-pohlmeier.de\/index.php\/wp-json\/wp\/v2\/comments?post=16"}],"version-history":[{"count":37,"href":"https:\/\/alexandra-pohlmeier.de\/index.php\/wp-json\/wp\/v2\/pages\/16\/revisions"}],"predecessor-version":[{"id":516,"href":"https:\/\/alexandra-pohlmeier.de\/index.php\/wp-json\/wp\/v2\/pages\/16\/revisions\/516"}],"wp:attachment":[{"href":"https:\/\/alexandra-pohlmeier.de\/index.php\/wp-json\/wp\/v2\/media?parent=16"}],"curies":[{"name":"wp","href":"https:\/\/api.w.org\/{rel}","templated":true}]}}